{"id":1369,"date":"2025-08-26T11:14:41","date_gmt":"2025-08-26T15:14:41","guid":{"rendered":"https:\/\/velosevasion2.trifali.com\/?page_id=1369"},"modified":"2025-09-02T17:35:55","modified_gmt":"2025-09-02T21:35:55","slug":"havre-aux-maisons","status":"publish","type":"page","link":"https:\/\/velosevasion.com\/en\/tarifs\/havre-aux-maisons\/","title":{"rendered":"Prices Havre Aux Maisons"},"content":{"rendered":"<div data-elementor-type=\"wp-page\" data-elementor-id=\"1369\" class=\"elementor elementor-1369\">\n\t\t\t\t\t\t<section class=\"elementor-section elementor-top-section elementor-element elementor-element-af38c05 elementor-section-boxed elementor-section-height-default elementor-section-height-default\" data-id=\"af38c05\" data-element_type=\"section\">\n\t\t\t\t\t\t<div class=\"elementor-container elementor-column-gap-default\">\n\t\t\t\t\t<div class=\"elementor-column elementor-col-100 elementor-top-column elementor-element elementor-element-913218c\" data-id=\"913218c\" data-element_type=\"column\">\n\t\t\t<div class=\"elementor-widget-wrap elementor-element-populated\">\n\t\t\t\t\t\t<div class=\"elementor-element elementor-element-bfd8640 elementor-widget elementor-widget-text-editor\" data-id=\"bfd8640\" data-element_type=\"widget\" data-widget_type=\"text-editor.default\">\n\t\t\t\t<div class=\"elementor-widget-container\">\n\t\t\t\t\t\t\t\t\t<p>Get 10% off regular-priced electric bike rentals.<\/p><p>Present your CAA membership card at the time of payment.<\/p><p>This offer cannot be combined with any other offer.<\/p>\t\t\t\t\t\t\t\t<\/div>\n\t\t\t\t<\/div>\n\t\t\t\t\t<\/div>\n\t\t<\/div>\n\t\t\t\t\t<\/div>\n\t\t<\/section>\n\t\t\t\t<\/div>","protected":false},"excerpt":{"rendered":"<p>Obtenez 10% de rabais sur la location de v\u00e9los \u00e9lectriques \u00e0 prix r\u00e9gulier. Pr\u00e9sentez votre carte de membre CAA au moment du paiement. Cette offre ne peut \u00eatre jumel\u00e9e \u00e0 aucune autre offre.<\/p>","protected":false},"author":1,"featured_media":0,"parent":1367,"menu_order":0,"comment_status":"closed","ping_status":"closed","template":"","meta":{"footnotes":""},"class_list":["post-1369","page","type-page","status-publish","hentry"],"_links":{"self":[{"href":"https:\/\/velosevasion.com\/en\/wp-json\/wp\/v2\/pages\/1369","targetHints":{"allow":["GET"]}}],"collection":[{"href":"https:\/\/velosevasion.com\/en\/wp-json\/wp\/v2\/pages"}],"about":[{"href":"https:\/\/velosevasion.com\/en\/wp-json\/wp\/v2\/types\/page"}],"author":[{"embeddable":true,"href":"https:\/\/velosevasion.com\/en\/wp-json\/wp\/v2\/users\/1"}],"replies":[{"embeddable":true,"href":"https:\/\/velosevasion.com\/en\/wp-json\/wp\/v2\/comments?post=1369"}],"version-history":[{"count":7,"href":"https:\/\/velosevasion.com\/en\/wp-json\/wp\/v2\/pages\/1369\/revisions"}],"predecessor-version":[{"id":1565,"href":"https:\/\/velosevasion.com\/en\/wp-json\/wp\/v2\/pages\/1369\/revisions\/1565"}],"up":[{"embeddable":true,"href":"https:\/\/velosevasion.com\/en\/wp-json\/wp\/v2\/pages\/1367"}],"wp:attachment":[{"href":"https:\/\/velosevasion.com\/en\/wp-json\/wp\/v2\/media?parent=1369"}],"curies":[{"name":"wp","href":"https:\/\/api.w.org\/{rel}","templated":true}]}}