{"id":1374,"date":"2025-08-26T11:21:00","date_gmt":"2025-08-26T15:21:00","guid":{"rendered":"https:\/\/velosevasion2.trifali.com\/?page_id=1374"},"modified":"2025-09-05T15:08:13","modified_gmt":"2025-09-05T19:08:13","slug":"decouvrir-les-iles","status":"publish","type":"page","link":"https:\/\/velosevasion.com\/en\/decouvrir-les-iles\/","title":{"rendered":"Discover the Islands"},"content":{"rendered":"<div data-elementor-type=\"wp-page\" data-elementor-id=\"1374\" class=\"elementor elementor-1374\">\n\t\t\t\t\t\t<section class=\"elementor-section elementor-top-section elementor-element elementor-element-4c15d47 elementor-section-boxed elementor-section-height-default elementor-section-height-default\" data-id=\"4c15d47\" data-element_type=\"section\">\n\t\t\t\t\t\t<div class=\"elementor-container elementor-column-gap-default\">\n\t\t\t\t\t<div class=\"elementor-column elementor-col-100 elementor-top-column elementor-element elementor-element-adc8fc7\" data-id=\"adc8fc7\" data-element_type=\"column\">\n\t\t\t<div class=\"elementor-widget-wrap elementor-element-populated\">\n\t\t\t\t\t\t<div class=\"elementor-element elementor-element-8bba9e8 elementor-widget elementor-widget-heading\" data-id=\"8bba9e8\" data-element_type=\"widget\" data-widget_type=\"heading.default\">\n\t\t\t\t<div class=\"elementor-widget-container\">\n\t\t\t\t\t<h1 class=\"elementor-heading-title elementor-size-default\">Discover the beaches<\/h1>\t\t\t\t<\/div>\n\t\t\t\t<\/div>\n\t\t\t\t\t<\/div>\n\t\t<\/div>\n\t\t\t\t\t<\/div>\n\t\t<\/section>\n\t\t\t\t<section class=\"elementor-section elementor-top-section elementor-element elementor-element-c348c48 elementor-section-boxed elementor-section-height-default elementor-section-height-default\" data-id=\"c348c48\" data-element_type=\"section\">\n\t\t\t\t\t\t<div class=\"elementor-container elementor-column-gap-default\">\n\t\t\t\t\t<div class=\"elementor-column elementor-col-100 elementor-top-column elementor-element elementor-element-c24aff1\" data-id=\"c24aff1\" data-element_type=\"column\">\n\t\t\t<div class=\"elementor-widget-wrap elementor-element-populated\">\n\t\t\t\t\t\t<section class=\"elementor-section elementor-inner-section elementor-element elementor-element-3046fd0 elementor-section-boxed elementor-section-height-default elementor-section-height-default\" data-id=\"3046fd0\" data-element_type=\"section\">\n\t\t\t\t\t\t<div class=\"elementor-container elementor-column-gap-extended\">\n\t\t\t\t\t<div class=\"elementor-column elementor-col-50 elementor-inner-column elementor-element elementor-element-704a65a\" data-id=\"704a65a\" data-element_type=\"column\">\n\t\t\t<div class=\"elementor-widget-wrap elementor-element-populated\">\n\t\t\t\t\t\t<div class=\"elementor-element elementor-element-f57bff3 elementor-widget elementor-widget-image\" data-id=\"f57bff3\" data-element_type=\"widget\" data-widget_type=\"image.default\">\n\t\t\t\t<div class=\"elementor-widget-container\">\n\t\t\t\t\t\t\t\t\t\t\t\t\t\t\t<img fetchpriority=\"high\" decoding=\"async\" width=\"792\" height=\"1024\" src=\"https:\/\/velosevasion.com\/wp-content\/uploads\/2025\/09\/ile-1-792x1024.jpg\" class=\"attachment-large size-large wp-image-1478\" alt=\"\" srcset=\"https:\/\/velosevasion.com\/wp-content\/uploads\/2025\/09\/ile-1-792x1024.jpg 792w, https:\/\/velosevasion.com\/wp-content\/uploads\/2025\/09\/ile-1-232x300.jpg 232w, https:\/\/velosevasion.com\/wp-content\/uploads\/2025\/09\/ile-1-768x993.jpg 768w, https:\/\/velosevasion.com\/wp-content\/uploads\/2025\/09\/ile-1-9x12.jpg 9w, https:\/\/velosevasion.com\/wp-content\/uploads\/2025\/09\/ile-1.jpg 961w\" sizes=\"(max-width: 792px) 100vw, 792px\" \/>\t\t\t\t\t\t\t\t\t\t\t\t\t\t\t<\/div>\n\t\t\t\t<\/div>\n\t\t\t\t<div class=\"elementor-element elementor-element-c49fddf elementor-align-center elementor-widget elementor-widget-button\" data-id=\"c49fddf\" data-element_type=\"widget\" data-widget_type=\"button.default\">\n\t\t\t\t<div class=\"elementor-widget-container\">\n\t\t\t\t\t\t\t\t\t<div class=\"elementor-button-wrapper\">\n\t\t\t\t\t<a class=\"elementor-button elementor-button-link elementor-size-sm\" href=\"\/wp-content\/uploads\/2025\/09\/a0cff8dc4e6e3a59941a95c2bbe8c093.pdf\" target=\"_blank\">\n\t\t\t\t\t\t<span class=\"elementor-button-content-wrapper\">\n\t\t\t\t\t\t\t\t\t<span class=\"elementor-button-text\">Download the map<\/span>\n\t\t\t\t\t<\/span>\n\t\t\t\t\t<\/a>\n\t\t\t\t<\/div>\n\t\t\t\t\t\t\t\t<\/div>\n\t\t\t\t<\/div>\n\t\t\t\t\t<\/div>\n\t\t<\/div>\n\t\t\t\t<div class=\"elementor-column elementor-col-50 elementor-inner-column elementor-element elementor-element-d10e122\" data-id=\"d10e122\" data-element_type=\"column\">\n\t\t\t<div class=\"elementor-widget-wrap elementor-element-populated\">\n\t\t\t\t\t\t<div class=\"elementor-element elementor-element-36d7f3a elementor-widget elementor-widget-image\" data-id=\"36d7f3a\" data-element_type=\"widget\" data-widget_type=\"image.default\">\n\t\t\t\t<div class=\"elementor-widget-container\">\n\t\t\t\t\t\t\t\t\t\t\t\t\t\t\t<img decoding=\"async\" width=\"791\" height=\"1024\" src=\"https:\/\/velosevasion.com\/wp-content\/uploads\/2025\/09\/ile-2-791x1024.jpg\" class=\"attachment-large size-large wp-image-1480\" alt=\"\" srcset=\"https:\/\/velosevasion.com\/wp-content\/uploads\/2025\/09\/ile-2-791x1024.jpg 791w, https:\/\/velosevasion.com\/wp-content\/uploads\/2025\/09\/ile-2-232x300.jpg 232w, https:\/\/velosevasion.com\/wp-content\/uploads\/2025\/09\/ile-2-768x994.jpg 768w, https:\/\/velosevasion.com\/wp-content\/uploads\/2025\/09\/ile-2-9x12.jpg 9w, https:\/\/velosevasion.com\/wp-content\/uploads\/2025\/09\/ile-2.jpg 960w\" sizes=\"(max-width: 791px) 100vw, 791px\" \/>\t\t\t\t\t\t\t\t\t\t\t\t\t\t\t<\/div>\n\t\t\t\t<\/div>\n\t\t\t\t<div class=\"elementor-element elementor-element-41db814 elementor-align-center elementor-widget elementor-widget-button\" data-id=\"41db814\" data-element_type=\"widget\" data-widget_type=\"button.default\">\n\t\t\t\t<div class=\"elementor-widget-container\">\n\t\t\t\t\t\t\t\t\t<div class=\"elementor-button-wrapper\">\n\t\t\t\t\t<a class=\"elementor-button elementor-button-link elementor-size-sm\" href=\"\/wp-content\/uploads\/2025\/09\/c528f27b23bdcfc178f77fcbb32e5e80.pdf\" target=\"_blank\">\n\t\t\t\t\t\t<span class=\"elementor-button-content-wrapper\">\n\t\t\t\t\t\t\t\t\t<span class=\"elementor-button-text\">Download the map<\/span>\n\t\t\t\t\t<\/span>\n\t\t\t\t\t<\/a>\n\t\t\t\t<\/div>\n\t\t\t\t\t\t\t\t<\/div>\n\t\t\t\t<\/div>\n\t\t\t\t\t<\/div>\n\t\t<\/div>\n\t\t\t\t\t<\/div>\n\t\t<\/section>\n\t\t\t\t\t<\/div>\n\t\t<\/div>\n\t\t\t\t\t<\/div>\n\t\t<\/section>\n\t\t\t\t<section class=\"elementor-section elementor-top-section elementor-element elementor-element-b5c4bb1 elementor-section-boxed elementor-section-height-default elementor-section-height-default\" data-id=\"b5c4bb1\" data-element_type=\"section\">\n\t\t\t\t\t\t<div class=\"elementor-container elementor-column-gap-default\">\n\t\t\t\t\t<div class=\"elementor-column elementor-col-100 elementor-top-column elementor-element elementor-element-d127417\" data-id=\"d127417\" data-element_type=\"column\">\n\t\t\t<div class=\"elementor-widget-wrap elementor-element-populated\">\n\t\t\t\t\t\t<section class=\"elementor-section elementor-inner-section elementor-element elementor-element-e3050d0 elementor-section-boxed elementor-section-height-default elementor-section-height-default\" data-id=\"e3050d0\" data-element_type=\"section\">\n\t\t\t\t\t\t<div class=\"elementor-container elementor-column-gap-extended\">\n\t\t\t\t\t<div class=\"elementor-column elementor-col-50 elementor-inner-column elementor-element elementor-element-a2b24d2\" data-id=\"a2b24d2\" data-element_type=\"column\">\n\t\t\t<div class=\"elementor-widget-wrap elementor-element-populated\">\n\t\t\t\t\t\t<div class=\"elementor-element elementor-element-ecfc035 elementor-widget elementor-widget-image\" data-id=\"ecfc035\" data-element_type=\"widget\" data-widget_type=\"image.default\">\n\t\t\t\t<div class=\"elementor-widget-container\">\n\t\t\t\t\t\t\t\t\t\t\t\t\t\t\t<img decoding=\"async\" width=\"791\" height=\"1024\" src=\"https:\/\/velosevasion.com\/wp-content\/uploads\/2025\/09\/ile-3-791x1024.jpg\" class=\"attachment-large size-large wp-image-1481\" alt=\"\" srcset=\"https:\/\/velosevasion.com\/wp-content\/uploads\/2025\/09\/ile-3-791x1024.jpg 791w, https:\/\/velosevasion.com\/wp-content\/uploads\/2025\/09\/ile-3-232x300.jpg 232w, https:\/\/velosevasion.com\/wp-content\/uploads\/2025\/09\/ile-3-768x994.jpg 768w, https:\/\/velosevasion.com\/wp-content\/uploads\/2025\/09\/ile-3-9x12.jpg 9w, https:\/\/velosevasion.com\/wp-content\/uploads\/2025\/09\/ile-3.jpg 960w\" sizes=\"(max-width: 791px) 100vw, 791px\" \/>\t\t\t\t\t\t\t\t\t\t\t\t\t\t\t<\/div>\n\t\t\t\t<\/div>\n\t\t\t\t<div class=\"elementor-element elementor-element-c034cb1 elementor-align-center elementor-widget elementor-widget-button\" data-id=\"c034cb1\" data-element_type=\"widget\" data-widget_type=\"button.default\">\n\t\t\t\t<div class=\"elementor-widget-container\">\n\t\t\t\t\t\t\t\t\t<div class=\"elementor-button-wrapper\">\n\t\t\t\t\t<a class=\"elementor-button elementor-button-link elementor-size-sm\" href=\"\/wp-content\/uploads\/2025\/09\/0b2fb8fb45eae3fd154648bc890e1555.pdf\" target=\"_blank\">\n\t\t\t\t\t\t<span class=\"elementor-button-content-wrapper\">\n\t\t\t\t\t\t\t\t\t<span class=\"elementor-button-text\">Download the map<\/span>\n\t\t\t\t\t<\/span>\n\t\t\t\t\t<\/a>\n\t\t\t\t<\/div>\n\t\t\t\t\t\t\t\t<\/div>\n\t\t\t\t<\/div>\n\t\t\t\t\t<\/div>\n\t\t<\/div>\n\t\t\t\t<div class=\"elementor-column elementor-col-50 elementor-inner-column elementor-element elementor-element-2a27820\" data-id=\"2a27820\" data-element_type=\"column\">\n\t\t\t<div class=\"elementor-widget-wrap elementor-element-populated\">\n\t\t\t\t\t\t<div class=\"elementor-element elementor-element-b619f6b elementor-widget elementor-widget-image\" data-id=\"b619f6b\" data-element_type=\"widget\" data-widget_type=\"image.default\">\n\t\t\t\t<div class=\"elementor-widget-container\">\n\t\t\t\t\t\t\t\t\t\t\t\t\t\t\t<img loading=\"lazy\" decoding=\"async\" width=\"791\" height=\"1024\" src=\"https:\/\/velosevasion.com\/wp-content\/uploads\/2025\/09\/ile-4-791x1024.jpg\" class=\"attachment-large size-large wp-image-1482\" alt=\"\" srcset=\"https:\/\/velosevasion.com\/wp-content\/uploads\/2025\/09\/ile-4-791x1024.jpg 791w, https:\/\/velosevasion.com\/wp-content\/uploads\/2025\/09\/ile-4-232x300.jpg 232w, https:\/\/velosevasion.com\/wp-content\/uploads\/2025\/09\/ile-4-768x994.jpg 768w, https:\/\/velosevasion.com\/wp-content\/uploads\/2025\/09\/ile-4-9x12.jpg 9w, https:\/\/velosevasion.com\/wp-content\/uploads\/2025\/09\/ile-4.jpg 960w\" sizes=\"(max-width: 791px) 100vw, 791px\" \/>\t\t\t\t\t\t\t\t\t\t\t\t\t\t\t<\/div>\n\t\t\t\t<\/div>\n\t\t\t\t<div class=\"elementor-element elementor-element-04ee733 elementor-align-center elementor-widget elementor-widget-button\" data-id=\"04ee733\" data-element_type=\"widget\" data-widget_type=\"button.default\">\n\t\t\t\t<div class=\"elementor-widget-container\">\n\t\t\t\t\t\t\t\t\t<div class=\"elementor-button-wrapper\">\n\t\t\t\t\t<a class=\"elementor-button elementor-button-link elementor-size-sm\" href=\"\/wp-content\/uploads\/2025\/09\/232f520c666504fd833e9a713ca79a9c.pdf\" target=\"_blank\">\n\t\t\t\t\t\t<span class=\"elementor-button-content-wrapper\">\n\t\t\t\t\t\t\t\t\t<span class=\"elementor-button-text\">Download the map<\/span>\n\t\t\t\t\t<\/span>\n\t\t\t\t\t<\/a>\n\t\t\t\t<\/div>\n\t\t\t\t\t\t\t\t<\/div>\n\t\t\t\t<\/div>\n\t\t\t\t\t<\/div>\n\t\t<\/div>\n\t\t\t\t\t<\/div>\n\t\t<\/section>\n\t\t\t\t\t<\/div>\n\t\t<\/div>\n\t\t\t\t\t<\/div>\n\t\t<\/section>\n\t\t\t\t<section class=\"elementor-section elementor-top-section elementor-element elementor-element-5b2e58d elementor-section-boxed elementor-section-height-default elementor-section-height-default\" data-id=\"5b2e58d\" data-element_type=\"section\">\n\t\t\t\t\t\t<div class=\"elementor-container elementor-column-gap-default\">\n\t\t\t\t\t<div class=\"elementor-column elementor-col-100 elementor-top-column elementor-element elementor-element-6bf8f43\" data-id=\"6bf8f43\" data-element_type=\"column\">\n\t\t\t<div class=\"elementor-widget-wrap elementor-element-populated\">\n\t\t\t\t\t\t<div class=\"elementor-element elementor-element-9800655 elementor-widget elementor-widget-heading\" data-id=\"9800655\" data-element_type=\"widget\" data-widget_type=\"heading.default\">\n\t\t\t\t<div class=\"elementor-widget-container\">\n\t\t\t\t\t<h1 class=\"elementor-heading-title elementor-size-default\">Discover the tours<\/h1>\t\t\t\t<\/div>\n\t\t\t\t<\/div>\n\t\t\t\t\t<\/div>\n\t\t<\/div>\n\t\t\t\t\t<\/div>\n\t\t<\/section>\n\t\t\t\t<section class=\"elementor-section elementor-top-section elementor-element elementor-element-662557f elementor-section-boxed elementor-section-height-default elementor-section-height-default\" data-id=\"662557f\" data-element_type=\"section\">\n\t\t\t\t\t\t<div class=\"elementor-container elementor-column-gap-default\">\n\t\t\t\t\t<div class=\"elementor-column elementor-col-100 elementor-top-column elementor-element elementor-element-3de17fc\" data-id=\"3de17fc\" data-element_type=\"column\">\n\t\t\t<div class=\"elementor-widget-wrap elementor-element-populated\">\n\t\t\t\t\t\t<section class=\"elementor-section elementor-inner-section elementor-element elementor-element-8a41d6a elementor-section-boxed elementor-section-height-default elementor-section-height-default\" data-id=\"8a41d6a\" data-element_type=\"section\">\n\t\t\t\t\t\t<div class=\"elementor-container elementor-column-gap-default\">\n\t\t\t\t\t<div class=\"elementor-column elementor-col-50 elementor-inner-column elementor-element elementor-element-4459d65\" data-id=\"4459d65\" data-element_type=\"column\">\n\t\t\t<div class=\"elementor-widget-wrap elementor-element-populated\">\n\t\t\t\t\t\t<div class=\"elementor-element elementor-element-0cc7f14 elementor-align-center elementor-widget elementor-widget-button\" data-id=\"0cc7f14\" data-element_type=\"widget\" data-widget_type=\"button.default\">\n\t\t\t\t<div class=\"elementor-widget-container\">\n\t\t\t\t\t\t\t\t\t<div class=\"elementor-button-wrapper\">\n\t\t\t\t\t<a class=\"elementor-button elementor-button-link elementor-size-sm\" href=\"\/wp-content\/uploads\/2025\/09\/7b1ea57eef102cb0ca05277171243ef2.pdf\" target=\"_blank\">\n\t\t\t\t\t\t<span class=\"elementor-button-content-wrapper\">\n\t\t\t\t\t\t\t\t\t<span class=\"elementor-button-text\">Download the Havre Aubert tour<\/span>\n\t\t\t\t\t<\/span>\n\t\t\t\t\t<\/a>\n\t\t\t\t<\/div>\n\t\t\t\t\t\t\t\t<\/div>\n\t\t\t\t<\/div>\n\t\t\t\t\t<\/div>\n\t\t<\/div>\n\t\t\t\t<div class=\"elementor-column elementor-col-50 elementor-inner-column elementor-element elementor-element-0fc624d\" data-id=\"0fc624d\" data-element_type=\"column\">\n\t\t\t<div class=\"elementor-widget-wrap elementor-element-populated\">\n\t\t\t\t\t\t<div class=\"elementor-element elementor-element-77844b8 elementor-align-center elementor-widget elementor-widget-button\" data-id=\"77844b8\" data-element_type=\"widget\" data-widget_type=\"button.default\">\n\t\t\t\t<div class=\"elementor-widget-container\">\n\t\t\t\t\t\t\t\t\t<div class=\"elementor-button-wrapper\">\n\t\t\t\t\t<a class=\"elementor-button elementor-button-link elementor-size-sm\" href=\"\/wp-content\/uploads\/2025\/09\/cb7d59f90fe7b9bb7983c28ab56e7767.pdf\" target=\"_blank\">\n\t\t\t\t\t\t<span class=\"elementor-button-content-wrapper\">\n\t\t\t\t\t\t\t\t\t<span class=\"elementor-button-text\">Download the Havre Aux Maisons tour<\/span>\n\t\t\t\t\t<\/span>\n\t\t\t\t\t<\/a>\n\t\t\t\t<\/div>\n\t\t\t\t\t\t\t\t<\/div>\n\t\t\t\t<\/div>\n\t\t\t\t\t<\/div>\n\t\t<\/div>\n\t\t\t\t\t<\/div>\n\t\t<\/section>\n\t\t\t\t<section class=\"elementor-section elementor-inner-section elementor-element elementor-element-757db5e elementor-section-boxed elementor-section-height-default elementor-section-height-default\" data-id=\"757db5e\" data-element_type=\"section\">\n\t\t\t\t\t\t<div class=\"elementor-container elementor-column-gap-default\">\n\t\t\t\t\t<div class=\"elementor-column elementor-col-100 elementor-inner-column elementor-element elementor-element-e065d81\" data-id=\"e065d81\" data-element_type=\"column\">\n\t\t\t<div class=\"elementor-widget-wrap elementor-element-populated\">\n\t\t\t\t\t\t<div class=\"elementor-element elementor-element-107f595 elementor-align-center elementor-widget elementor-widget-button\" data-id=\"107f595\" data-element_type=\"widget\" data-widget_type=\"button.default\">\n\t\t\t\t<div class=\"elementor-widget-container\">\n\t\t\t\t\t\t\t\t\t<div class=\"elementor-button-wrapper\">\n\t\t\t\t\t<a class=\"elementor-button elementor-button-link elementor-size-sm\" href=\"\/wp-content\/uploads\/2025\/09\/46a70ee4a5918818c1c75851ac4673c4.pdf\" target=\"_blank\">\n\t\t\t\t\t\t<span class=\"elementor-button-content-wrapper\">\n\t\t\t\t\t\t\t\t\t<span class=\"elementor-button-text\">T\u00e9l\u00e9chargez le circuit Gourmand &amp; D\u00e9couvertes <\/span>\n\t\t\t\t\t<\/span>\n\t\t\t\t\t<\/a>\n\t\t\t\t<\/div>\n\t\t\t\t\t\t\t\t<\/div>\n\t\t\t\t<\/div>\n\t\t\t\t\t<\/div>\n\t\t<\/div>\n\t\t\t\t\t<\/div>\n\t\t<\/section>\n\t\t\t\t\t<\/div>\n\t\t<\/div>\n\t\t\t\t\t<\/div>\n\t\t<\/section>\n\t\t\t\t<\/div>","protected":false},"excerpt":{"rendered":"<p>D\u00e9couvrir les plages T\u00e9l\u00e9chargez la carte T\u00e9l\u00e9chargez la carte T\u00e9l\u00e9chargez la carte T\u00e9l\u00e9chargez la carte D\u00e9couvrir les circuits T\u00e9l\u00e9chargez le circuit Havre Aubert T\u00e9l\u00e9chargez le circuit Havre Aux Maisons T\u00e9l\u00e9chargez le circuit Gourmand &amp; D\u00e9couvertes<\/p>","protected":false},"author":1,"featured_media":0,"parent":0,"menu_order":0,"comment_status":"closed","ping_status":"closed","template":"","meta":{"footnotes":""},"class_list":["post-1374","page","type-page","status-publish","hentry"],"_links":{"self":[{"href":"https:\/\/velosevasion.com\/en\/wp-json\/wp\/v2\/pages\/1374","targetHints":{"allow":["GET"]}}],"collection":[{"href":"https:\/\/velosevasion.com\/en\/wp-json\/wp\/v2\/pages"}],"about":[{"href":"https:\/\/velosevasion.com\/en\/wp-json\/wp\/v2\/types\/page"}],"author":[{"embeddable":true,"href":"https:\/\/velosevasion.com\/en\/wp-json\/wp\/v2\/users\/1"}],"replies":[{"embeddable":true,"href":"https:\/\/velosevasion.com\/en\/wp-json\/wp\/v2\/comments?post=1374"}],"version-history":[{"count":16,"href":"https:\/\/velosevasion.com\/en\/wp-json\/wp\/v2\/pages\/1374\/revisions"}],"predecessor-version":[{"id":1813,"href":"https:\/\/velosevasion.com\/en\/wp-json\/wp\/v2\/pages\/1374\/revisions\/1813"}],"wp:attachment":[{"href":"https:\/\/velosevasion.com\/en\/wp-json\/wp\/v2\/media?parent=1374"}],"curies":[{"name":"wp","href":"https:\/\/api.w.org\/{rel}","templated":true}]}}