{"id":1378,"date":"2025-08-26T11:21:30","date_gmt":"2025-08-26T15:21:30","guid":{"rendered":"https:\/\/velosevasion2.trifali.com\/?page_id=1378"},"modified":"2025-09-04T20:11:54","modified_gmt":"2025-09-05T00:11:54","slug":"securite","status":"publish","type":"page","link":"https:\/\/velosevasion.com\/en\/securite\/","title":{"rendered":"security"},"content":{"rendered":"<div data-elementor-type=\"wp-page\" data-elementor-id=\"1378\" class=\"elementor elementor-1378\">\n\t\t\t\t\t\t<section class=\"elementor-section elementor-top-section elementor-element elementor-element-77893ed elementor-section-boxed elementor-section-height-default elementor-section-height-default\" data-id=\"77893ed\" data-element_type=\"section\">\n\t\t\t\t\t\t<div class=\"elementor-container elementor-column-gap-default\">\n\t\t\t\t\t<div class=\"elementor-column elementor-col-100 elementor-top-column elementor-element elementor-element-d0f259d\" data-id=\"d0f259d\" data-element_type=\"column\">\n\t\t\t<div class=\"elementor-widget-wrap elementor-element-populated\">\n\t\t\t\t\t\t<div class=\"elementor-element elementor-element-e0092c4 elementor-widget elementor-widget-heading\" data-id=\"e0092c4\" data-element_type=\"widget\" data-widget_type=\"heading.default\">\n\t\t\t\t<div class=\"elementor-widget-container\">\n\t\t\t\t\t<h1 class=\"elementor-heading-title elementor-size-default\">security<\/h1>\t\t\t\t<\/div>\n\t\t\t\t<\/div>\n\t\t\t\t\t<\/div>\n\t\t<\/div>\n\t\t\t\t\t<\/div>\n\t\t<\/section>\n\t\t\t\t<section class=\"elementor-section elementor-top-section elementor-element elementor-element-3f6548f elementor-section-boxed elementor-section-height-default elementor-section-height-default\" data-id=\"3f6548f\" data-element_type=\"section\">\n\t\t\t\t\t\t<div class=\"elementor-container elementor-column-gap-default\">\n\t\t\t\t\t<div class=\"elementor-column elementor-col-100 elementor-top-column elementor-element elementor-element-8002b2b\" data-id=\"8002b2b\" data-element_type=\"column\">\n\t\t\t<div class=\"elementor-widget-wrap elementor-element-populated\">\n\t\t\t\t\t\t<div class=\"elementor-element elementor-element-a370979 elementor-view-default elementor-widget elementor-widget-icon\" data-id=\"a370979\" data-element_type=\"widget\" data-widget_type=\"icon.default\">\n\t\t\t\t<div class=\"elementor-widget-container\">\n\t\t\t\t\t\t\t<div class=\"elementor-icon-wrapper\">\n\t\t\t<div class=\"elementor-icon\">\n\t\t\t<i aria-hidden=\"true\" class=\"fas fa-shield-alt\"><\/i>\t\t\t<\/div>\n\t\t<\/div>\n\t\t\t\t\t\t<\/div>\n\t\t\t\t<\/div>\n\t\t\t\t<div class=\"elementor-element elementor-element-abd5e30 elementor-widget elementor-widget-text-editor\" data-id=\"abd5e30\" data-element_type=\"widget\" data-widget_type=\"text-editor.default\">\n\t\t\t\t<div class=\"elementor-widget-container\">\n\t\t\t\t\t\t\t\t\t<p>The enjoyment of the experience and the pleasure of your escape requires careful planning of our activities and safety measures, our team has spared no effort, investment and training of personnel to meet your expectations effectively.<\/p><p>All of our bikes are designed with the latest technology and have been carefully assembled to meet and exceed even the most stringent North American standards of quality and reliability. Each bike also comes equipped with front\/rear lights, mirror, bell to signal your presence. Also installed on each luggage rack are removable double storage bags to store your belongings, leaving your hands free to hold the handlebars.<\/p><p>Our helmets are from the reputable brand ABUS ensuring your comfort and safety. Each bike is carefully inspected before and after each rental by our team of mechanics for trouble free rides.<\/p><p>The quality of our facilities and equipment have been recognized by the most important automobile club in Canada and we will have some interesting news to share with you before the beginning of the high season.<\/p><p>We have also developed and implemented a safety and prevention program for our riders as well as for the environment. Finally, in case of pepins we have two intervention vehicles located in Havre Aubert and the other one in Havre aux Maisons.<\/p><p>Take the time to adjust your helmet, your mirror and respect the instructions that our advisers have communicated to you.<\/p><p>\u00abAux Iles on n&rsquo;a pas d\u2019heure, on a le temps&#8230;<em>\u00bb<\/em> &#8230;alors prenez vraiment le temps de v\u00e9rifier deux fois avant de vous engager dans une intersection ou pr\u00e8s d&rsquo;une zone prot\u00e9g\u00e9e.<\/p>\t\t\t\t\t\t\t\t<\/div>\n\t\t\t\t<\/div>\n\t\t\t\t\t<\/div>\n\t\t<\/div>\n\t\t\t\t\t<\/div>\n\t\t<\/section>\n\t\t\t\t<\/div>","protected":false},"excerpt":{"rendered":"<p>S\u00e9curit\u00e9 L\u2019agr\u00e9ment de l\u2019exp\u00e9rience et le plaisir de votre \u00e9vasion passe par une planification soign\u00e9e de vos activit\u00e9s et de bonnes mesures de s\u00e9curit\u00e9.\u00a0Notre \u00e9quipe n\u2019a pas m\u00e9nag\u00e9 les efforts, les investissements et la formation du personnel pour r\u00e9pondre efficacement \u00e0 vos attentes. Tous nos v\u00e9los sont con\u00e7us selon la derni\u00e8re technologie et ont \u00e9t\u00e9 [&hellip;]<\/p>","protected":false},"author":1,"featured_media":0,"parent":0,"menu_order":0,"comment_status":"closed","ping_status":"closed","template":"","meta":{"footnotes":""},"class_list":["post-1378","page","type-page","status-publish","hentry"],"_links":{"self":[{"href":"https:\/\/velosevasion.com\/en\/wp-json\/wp\/v2\/pages\/1378","targetHints":{"allow":["GET"]}}],"collection":[{"href":"https:\/\/velosevasion.com\/en\/wp-json\/wp\/v2\/pages"}],"about":[{"href":"https:\/\/velosevasion.com\/en\/wp-json\/wp\/v2\/types\/page"}],"author":[{"embeddable":true,"href":"https:\/\/velosevasion.com\/en\/wp-json\/wp\/v2\/users\/1"}],"replies":[{"embeddable":true,"href":"https:\/\/velosevasion.com\/en\/wp-json\/wp\/v2\/comments?post=1378"}],"version-history":[{"count":16,"href":"https:\/\/velosevasion.com\/en\/wp-json\/wp\/v2\/pages\/1378\/revisions"}],"predecessor-version":[{"id":1778,"href":"https:\/\/velosevasion.com\/en\/wp-json\/wp\/v2\/pages\/1378\/revisions\/1778"}],"wp:attachment":[{"href":"https:\/\/velosevasion.com\/en\/wp-json\/wp\/v2\/media?parent=1378"}],"curies":[{"name":"wp","href":"https:\/\/api.w.org\/{rel}","templated":true}]}}