{"id":1523,"date":"2025-09-02T12:35:08","date_gmt":"2025-09-02T16:35:08","guid":{"rendered":"https:\/\/velosevasion2.trifali.com\/?page_id=1523"},"modified":"2025-09-07T18:38:20","modified_gmt":"2025-09-07T22:38:20","slug":"termes-et-conditions","status":"publish","type":"page","link":"https:\/\/velosevasion.com\/en\/termes-et-conditions\/","title":{"rendered":"Terms &amp; Conditions"},"content":{"rendered":"<div data-elementor-type=\"wp-page\" data-elementor-id=\"1523\" class=\"elementor elementor-1523\">\n\t\t\t\t\t\t<section class=\"elementor-section elementor-top-section elementor-element elementor-element-608dd14 elementor-section-boxed elementor-section-height-default elementor-section-height-default\" data-id=\"608dd14\" data-element_type=\"section\" data-settings=\"{&quot;background_background&quot;:&quot;classic&quot;}\">\n\t\t\t\t\t\t<div class=\"elementor-container elementor-column-gap-default\">\n\t\t\t\t\t<div class=\"elementor-column elementor-col-100 elementor-top-column elementor-element elementor-element-36d93e3\" data-id=\"36d93e3\" data-element_type=\"column\">\n\t\t\t<div class=\"elementor-widget-wrap elementor-element-populated\">\n\t\t\t\t\t\t<div class=\"elementor-element elementor-element-4862f45 elementor-widget elementor-widget-heading\" data-id=\"4862f45\" data-element_type=\"widget\" data-widget_type=\"heading.default\">\n\t\t\t\t<div class=\"elementor-widget-container\">\n\t\t\t\t\t<h1 class=\"elementor-heading-title elementor-size-default\">Terms and conditions policy<\/h1>\t\t\t\t<\/div>\n\t\t\t\t<\/div>\n\t\t\t\t<div class=\"elementor-element elementor-element-6321705 elementor-widget-divider--view-line elementor-widget elementor-widget-divider\" data-id=\"6321705\" data-element_type=\"widget\" data-widget_type=\"divider.default\">\n\t\t\t\t<div class=\"elementor-widget-container\">\n\t\t\t\t\t\t\t<div class=\"elementor-divider\">\n\t\t\t<span class=\"elementor-divider-separator\">\n\t\t\t\t\t\t<\/span>\n\t\t<\/div>\n\t\t\t\t\t\t<\/div>\n\t\t\t\t<\/div>\n\t\t\t\t\t<\/div>\n\t\t<\/div>\n\t\t\t\t\t<\/div>\n\t\t<\/section>\n\t\t\t\t<section class=\"elementor-section elementor-top-section elementor-element elementor-element-564d827 elementor-section-boxed elementor-section-height-default elementor-section-height-default\" data-id=\"564d827\" data-element_type=\"section\" data-settings=\"{&quot;background_background&quot;:&quot;classic&quot;}\">\n\t\t\t\t\t\t<div class=\"elementor-container elementor-column-gap-default\">\n\t\t\t\t\t<div class=\"elementor-column elementor-col-100 elementor-top-column elementor-element elementor-element-1930536\" data-id=\"1930536\" data-element_type=\"column\">\n\t\t\t<div class=\"elementor-widget-wrap elementor-element-populated\">\n\t\t\t\t\t\t<div class=\"elementor-element elementor-element-02d5be5 elementor-widget elementor-widget-heading\" data-id=\"02d5be5\" data-element_type=\"widget\" data-widget_type=\"heading.default\">\n\t\t\t\t<div class=\"elementor-widget-container\">\n\t\t\t\t\t<h2 class=\"elementor-heading-title elementor-size-default\">Please read carefully<\/h2>\t\t\t\t<\/div>\n\t\t\t\t<\/div>\n\t\t\t\t<div class=\"elementor-element elementor-element-65141f0 elementor-widget elementor-widget-text-editor\" data-id=\"65141f0\" data-element_type=\"widget\" data-widget_type=\"text-editor.default\">\n\t\t\t\t<div class=\"elementor-widget-container\">\n\t\t\t\t\t\t\t\t\t<ul><li>The practice of the electric bicycle (\"the activity\"), requires first of all caution and respect for the Highway Safety Code.<\/li><li>It is strongly recommended that you do not consume alcohol or drugs while riding an electric bicycle.<\/li><li>Wearing a properly fitting bicycle helmet is mandatory.<\/li><li>Maximum 220 lbs\/100 Kg per bike. The person renting the bike (\"the user\") declares that he\/she is fit to ride the bike and has no medical contraindications.<\/li><li>Bring clothing and personal effects depending on the weather conditions.<\/li><\/ul>\t\t\t\t\t\t\t\t<\/div>\n\t\t\t\t<\/div>\n\t\t\t\t\t<\/div>\n\t\t<\/div>\n\t\t\t\t\t<\/div>\n\t\t<\/section>\n\t\t\t\t<section class=\"elementor-section elementor-top-section elementor-element elementor-element-45f8566 elementor-section-boxed elementor-section-height-default elementor-section-height-default\" data-id=\"45f8566\" data-element_type=\"section\" data-settings=\"{&quot;background_background&quot;:&quot;classic&quot;}\">\n\t\t\t\t\t\t<div class=\"elementor-container elementor-column-gap-default\">\n\t\t\t\t\t<div class=\"elementor-column elementor-col-100 elementor-top-column elementor-element elementor-element-6e08e68\" data-id=\"6e08e68\" data-element_type=\"column\">\n\t\t\t<div class=\"elementor-widget-wrap elementor-element-populated\">\n\t\t\t\t\t\t<div class=\"elementor-element elementor-element-64a22e9 elementor-widget elementor-widget-heading\" data-id=\"64a22e9\" data-element_type=\"widget\" data-widget_type=\"heading.default\">\n\t\t\t\t<div class=\"elementor-widget-container\">\n\t\t\t\t\t<h2 class=\"elementor-heading-title elementor-size-default\">Reservation policies :<\/h2>\t\t\t\t<\/div>\n\t\t\t\t<\/div>\n\t\t\t\t<div class=\"elementor-element elementor-element-00ffc21 elementor-widget elementor-widget-text-editor\" data-id=\"00ffc21\" data-element_type=\"widget\" data-widget_type=\"text-editor.default\">\n\t\t\t\t<div class=\"elementor-widget-container\">\n\t\t\t\t\t\t\t\t\t<p>A $50\/bike\/day deposit (credit card) will be taken at the time of reservation. The balance will be processed automatically on the day of the rental.<\/p><p>To reserve an electric bike: you must be 18 years of age or older.<\/p><p>To drive an electric bike :<\/p><ul><li>If you are between 14 and 17 years old:<ul><li>a minimum of a Class 6D licence to operate a moped is required<\/li><li>a \"Release of Liability Form\" (see below) signed by a responsible adult<\/li><\/ul><\/li><li>If you are 18 years of age or older: No license is required.<\/li><\/ul><p>A signed liability release form is required in all cases.<\/p>\t\t\t\t\t\t\t\t<\/div>\n\t\t\t\t<\/div>\n\t\t\t\t\t<\/div>\n\t\t<\/div>\n\t\t\t\t\t<\/div>\n\t\t<\/section>\n\t\t\t\t<section class=\"elementor-section elementor-top-section elementor-element elementor-element-25238c2 elementor-section-boxed elementor-section-height-default elementor-section-height-default\" data-id=\"25238c2\" data-element_type=\"section\" data-settings=\"{&quot;background_background&quot;:&quot;classic&quot;}\">\n\t\t\t\t\t\t<div class=\"elementor-container elementor-column-gap-default\">\n\t\t\t\t\t<div class=\"elementor-column elementor-col-100 elementor-top-column elementor-element elementor-element-af7862e\" data-id=\"af7862e\" data-element_type=\"column\">\n\t\t\t<div class=\"elementor-widget-wrap elementor-element-populated\">\n\t\t\t\t\t\t<div class=\"elementor-element elementor-element-9e7c142 elementor-widget elementor-widget-heading\" data-id=\"9e7c142\" data-element_type=\"widget\" data-widget_type=\"heading.default\">\n\t\t\t\t<div class=\"elementor-widget-container\">\n\t\t\t\t\t<h2 class=\"elementor-heading-title elementor-size-default\">Liability policy :<\/h2>\t\t\t\t<\/div>\n\t\t\t\t<\/div>\n\t\t\t\t<div class=\"elementor-element elementor-element-b5da850 elementor-widget elementor-widget-text-editor\" data-id=\"b5da850\" data-element_type=\"widget\" data-widget_type=\"text-editor.default\">\n\t\t\t\t<div class=\"elementor-widget-container\">\n\t\t\t\t\t\t\t\t\t<p>Your credit card number will be requested and will be retained in the event of the following additional charges: Theft of the bike or equipment, breakage of the bike or equipment due to improper use, late fees, or other fees during the rental. LIST OF REPLACEMENT COSTS: Mirror: $10 ea., Bell: $5, Storage bag: $25, Lock: $10, Adult bike helmet: $50, Child bike helmet: $25, Luggage rack: $25, Fatbike: $2,000, Hybrid bike: $2,000, Key (bike battery or lock): $10, Child's transport cart: $275, Picnic blanket: $20<\/p><p>Late fees: $5 per 15 minutes, or $25\/hour.<\/p><p>You must contact an employee of V\u00e9los \u00c9vasion if a breakage or malfunction occurs during your ride: 1-833-666-8356\u00a0<\/p><p>A theft or an accident must be immediately reported to the police. The user will have to pay to V\u00e9los \u00c9vasion for the bike replacement (in case of theft) or repairs needed on the bike or equipment. <br><br>For any necessary repairs to the bicycle or equipment, the user will be required to pay the invoice for the costs incurred.<\/p>\t\t\t\t\t\t\t\t<\/div>\n\t\t\t\t<\/div>\n\t\t\t\t\t<\/div>\n\t\t<\/div>\n\t\t\t\t\t<\/div>\n\t\t<\/section>\n\t\t\t\t<section class=\"elementor-section elementor-top-section elementor-element elementor-element-a0005f7 elementor-section-boxed elementor-section-height-default elementor-section-height-default\" data-id=\"a0005f7\" data-element_type=\"section\" data-settings=\"{&quot;background_background&quot;:&quot;classic&quot;}\">\n\t\t\t\t\t\t<div class=\"elementor-container elementor-column-gap-default\">\n\t\t\t\t\t<div class=\"elementor-column elementor-col-100 elementor-top-column elementor-element elementor-element-a1585d5\" data-id=\"a1585d5\" data-element_type=\"column\">\n\t\t\t<div class=\"elementor-widget-wrap elementor-element-populated\">\n\t\t\t\t\t\t<div class=\"elementor-element elementor-element-7149b0e elementor-widget elementor-widget-heading\" data-id=\"7149b0e\" data-element_type=\"widget\" data-widget_type=\"heading.default\">\n\t\t\t\t<div class=\"elementor-widget-container\">\n\t\t\t\t\t<h2 class=\"elementor-heading-title elementor-size-default\">Cancellation policy :<\/h2>\t\t\t\t<\/div>\n\t\t\t\t<\/div>\n\t\t\t\t<div class=\"elementor-element elementor-element-68e2997 elementor-widget elementor-widget-text-editor\" data-id=\"68e2997\" data-element_type=\"widget\" data-widget_type=\"text-editor.default\">\n\t\t\t\t<div class=\"elementor-widget-container\">\n\t\t\t\t\t\t\t\t\tAny cancellations or modifications made on your reservation, must be notified 24 hours prior to the activity otherwise your deposit will not be refunded. If the activity should be cancelled due to weather conditions (heavy rain, strong winds), you can change your reservation or V\u00e9los \u00c9vasion will issue a credit note valid for 12 months. <br><br>For more information, please contact us at\u00a0<a href=\"tel:1-833-666-8356\" class=\"primary-link\">1-833-666-8356<\/a>\u00a0or\u00a0<a href=\"mailto:info@velosevasion.com\" class=\"primary-link\">info@velosevasion.com<\/a>\t\t\t\t\t\t\t\t<\/div>\n\t\t\t\t<\/div>\n\t\t\t\t\t<\/div>\n\t\t<\/div>\n\t\t\t\t\t<\/div>\n\t\t<\/section>\n\t\t\t\t<section class=\"elementor-section elementor-top-section elementor-element elementor-element-7cfa2a4 elementor-section-boxed elementor-section-height-default elementor-section-height-default\" data-id=\"7cfa2a4\" data-element_type=\"section\" data-settings=\"{&quot;background_background&quot;:&quot;classic&quot;}\">\n\t\t\t\t\t\t<div class=\"elementor-container elementor-column-gap-default\">\n\t\t\t\t\t<div class=\"elementor-column elementor-col-100 elementor-top-column elementor-element elementor-element-145c432\" data-id=\"145c432\" data-element_type=\"column\">\n\t\t\t<div class=\"elementor-widget-wrap elementor-element-populated\">\n\t\t\t\t\t\t<div class=\"elementor-element elementor-element-177478f elementor-widget elementor-widget-heading\" data-id=\"177478f\" data-element_type=\"widget\" data-widget_type=\"heading.default\">\n\t\t\t\t<div class=\"elementor-widget-container\">\n\t\t\t\t\t<h2 class=\"elementor-heading-title elementor-size-default\">Liability release form<\/h2>\t\t\t\t<\/div>\n\t\t\t\t<\/div>\n\t\t\t\t<div class=\"elementor-element elementor-element-19b4d83 elementor-widget elementor-widget-text-editor\" data-id=\"19b4d83\" data-element_type=\"widget\" data-widget_type=\"text-editor.default\">\n\t\t\t\t<div class=\"elementor-widget-container\">\n\t\t\t\t\t\t\t\t\t<p>I hereby acknowledge that I am covered by a civil liability insurance, and I release V\u00e9los \u00c9vasion and all its managers, employees, volunteers, or organizers of electric bike rentals (''the activity''), from all responsibilities and\/or claims following an accident, injuries, theft of personal items that could happen to me or to the persons under my responsibility, resulting from the participation in the activity.<\/p><p>I agree not to sue any of the above-mentioned persons or entities.<\/p><p>I agree to follow the instructions for use and safety given to me by the staff of V\u00e9los \u00c9vasion and to use the bicycle under normal conditions. I will assume the cost of replacing or repairing the rented equipment if it is lost, stolen or damaged during the activity. Upon return of the equipment, a summary evaluation is made to verify the condition of the equipment.<\/p><p>I understand that by participating in this activity, I may be photographed. I agree that any photos or videos of me or any person under my responsibility may be used for legitimate purposes by the organizers.<\/p><p>I hereby authorize the person(s) under my responsibility (between the ages of 14 and 17) to participate alone or in a group in the \"electric bike rental\" activity and affirm that he\/she meets the required criteria to participate.<\/p><p>I hereby accept to receive communications from V\u00e9lo \u00c9vasion.<\/p>\t\t\t\t\t\t\t\t<\/div>\n\t\t\t\t<\/div>\n\t\t\t\t\t<\/div>\n\t\t<\/div>\n\t\t\t\t\t<\/div>\n\t\t<\/section>\n\t\t\t\t<\/div>","protected":false},"excerpt":{"rendered":"<p>Conditions g\u00e9n\u00e9rales Lire attentivement svp La pratique du v\u00e9lo \u00e9lectrique (\u00ab\u00a0l\u2019activit\u00e9\u00a0\u00bb), passe d&rsquo;abord par la prudence et le respect du\u202fCode de la s\u00e9curit\u00e9 routi\u00e8re. Il est fortement recommand\u00e9 de ne consommer ni alcool, ni drogues lorsque vous conduisez un v\u00e9lo \u00e9lectrique. Le port d\u2019un casque de v\u00e9lo bien ajust\u00e9 est obligatoire. Maximum 220 lbs\/100 Kg [&hellip;]<\/p>","protected":false},"author":1,"featured_media":0,"parent":0,"menu_order":0,"comment_status":"closed","ping_status":"closed","template":"","meta":{"footnotes":""},"class_list":["post-1523","page","type-page","status-publish","hentry"],"_links":{"self":[{"href":"https:\/\/velosevasion.com\/en\/wp-json\/wp\/v2\/pages\/1523","targetHints":{"allow":["GET"]}}],"collection":[{"href":"https:\/\/velosevasion.com\/en\/wp-json\/wp\/v2\/pages"}],"about":[{"href":"https:\/\/velosevasion.com\/en\/wp-json\/wp\/v2\/types\/page"}],"author":[{"embeddable":true,"href":"https:\/\/velosevasion.com\/en\/wp-json\/wp\/v2\/users\/1"}],"replies":[{"embeddable":true,"href":"https:\/\/velosevasion.com\/en\/wp-json\/wp\/v2\/comments?post=1523"}],"version-history":[{"count":22,"href":"https:\/\/velosevasion.com\/en\/wp-json\/wp\/v2\/pages\/1523\/revisions"}],"predecessor-version":[{"id":1906,"href":"https:\/\/velosevasion.com\/en\/wp-json\/wp\/v2\/pages\/1523\/revisions\/1906"}],"wp:attachment":[{"href":"https:\/\/velosevasion.com\/en\/wp-json\/wp\/v2\/media?parent=1523"}],"curies":[{"name":"wp","href":"https:\/\/api.w.org\/{rel}","templated":true}]}}