{"id":1358,"date":"2025-08-26T11:10:37","date_gmt":"2025-08-26T15:10:37","guid":{"rendered":"https:\/\/velosevasion2.trifali.com\/?page_id=1358"},"modified":"2025-09-03T18:45:06","modified_gmt":"2025-09-03T22:45:06","slug":"adn","status":"publish","type":"page","link":"https:\/\/velosevasion.com\/fr\/adn\/","title":{"rendered":"Notre ADN"},"content":{"rendered":"\t\t<div data-elementor-type=\"wp-page\" data-elementor-id=\"1358\" class=\"elementor elementor-1358\">\n\t\t\t\t\t\t<section class=\"elementor-section elementor-top-section elementor-element elementor-element-146f635 elementor-section-boxed elementor-section-height-default elementor-section-height-default\" data-id=\"146f635\" data-element_type=\"section\">\n\t\t\t\t\t\t<div class=\"elementor-container elementor-column-gap-default\">\n\t\t\t\t\t<div class=\"elementor-column elementor-col-100 elementor-top-column elementor-element elementor-element-781e029\" data-id=\"781e029\" data-element_type=\"column\">\n\t\t\t<div class=\"elementor-widget-wrap elementor-element-populated\">\n\t\t\t\t\t\t<div class=\"elementor-element elementor-element-3e71cc4 elementor-widget elementor-widget-heading\" data-id=\"3e71cc4\" data-element_type=\"widget\" data-widget_type=\"heading.default\">\n\t\t\t\t<div class=\"elementor-widget-container\">\n\t\t\t\t\t<h1 class=\"elementor-heading-title elementor-size-default\">notre adn<\/h1>\t\t\t\t<\/div>\n\t\t\t\t<\/div>\n\t\t\t\t\t<\/div>\n\t\t<\/div>\n\t\t\t\t\t<\/div>\n\t\t<\/section>\n\t\t\t\t<section class=\"elementor-section elementor-top-section elementor-element elementor-element-81dccb6 elementor-section-full_width elementor-reverse-mobile elementor-section-height-default elementor-section-height-default\" data-id=\"81dccb6\" data-element_type=\"section\">\n\t\t\t\t\t\t<div class=\"elementor-container elementor-column-gap-default\">\n\t\t\t\t\t<div class=\"elementor-column elementor-col-50 elementor-top-column elementor-element elementor-element-3715824\" data-id=\"3715824\" data-element_type=\"column\">\n\t\t\t<div class=\"elementor-widget-wrap elementor-element-populated\">\n\t\t\t\t\t\t<div class=\"elementor-element elementor-element-d179d78 elementor-widget elementor-widget-text-editor\" data-id=\"d179d78\" data-element_type=\"widget\" data-widget_type=\"text-editor.default\">\n\t\t\t\t<div class=\"elementor-widget-container\">\n\t\t\t\t\t\t\t\t\t<p>V\u00e9los \u00c9vasion est une entreprise de location de v\u00e9los \u00e0 assistance \u00e9lectrique, vous proposant des fatbikes et des v\u00e9los de route.<\/p><p>Notre \u00e9quipe est soucieuse de favoriser une exp\u00e9rience touristique authentique en vous faisant d\u00e9couvrir les \u00celes de la Madeleine de fa\u00e7on \u00e9co-responsable en limitant l\u2019empreinte \u00e9cologique et en optimisant les retomb\u00e9es de nos activit\u00e9s sur l\u2019environnement et l\u2019\u00e9conomie.<\/p><p class=\"mb-0\">Notre souhait, vous permettre de cr\u00e9er des liens conviviaux avec les artisans locaux tout en d\u00e9couvrant la richesse culturelle propos\u00e9e et ainsi vous cr\u00e9er des souvenirs inoubliables\u2026<\/p>\t\t\t\t\t\t\t\t<\/div>\n\t\t\t\t<\/div>\n\t\t\t\t\t<\/div>\n\t\t<\/div>\n\t\t\t\t<div class=\"elementor-column elementor-col-50 elementor-top-column elementor-element elementor-element-8e4e63f\" data-id=\"8e4e63f\" data-element_type=\"column\">\n\t\t\t<div class=\"elementor-widget-wrap elementor-element-populated\">\n\t\t\t\t\t\t<div class=\"elementor-element elementor-element-6e78995 elementor-widget elementor-widget-image\" data-id=\"6e78995\" data-element_type=\"widget\" data-widget_type=\"image.default\">\n\t\t\t\t<div class=\"elementor-widget-container\">\n\t\t\t\t\t\t\t\t\t\t\t\t\t\t\t<img fetchpriority=\"high\" decoding=\"async\" width=\"1366\" height=\"1437\" src=\"https:\/\/velosevasion.com\/wp-content\/uploads\/2025\/08\/notre-adn.jpeg\" class=\"attachment-full size-full wp-image-1455\" alt=\"\" srcset=\"https:\/\/velosevasion.com\/wp-content\/uploads\/2025\/08\/notre-adn.jpeg 1366w, https:\/\/velosevasion.com\/wp-content\/uploads\/2025\/08\/notre-adn-285x300.jpeg 285w, https:\/\/velosevasion.com\/wp-content\/uploads\/2025\/08\/notre-adn-973x1024.jpeg 973w, https:\/\/velosevasion.com\/wp-content\/uploads\/2025\/08\/notre-adn-768x808.jpeg 768w, https:\/\/velosevasion.com\/wp-content\/uploads\/2025\/08\/notre-adn-11x12.jpeg 11w\" sizes=\"(max-width: 1366px) 100vw, 1366px\" \/>\t\t\t\t\t\t\t\t\t\t\t\t\t\t\t<\/div>\n\t\t\t\t<\/div>\n\t\t\t\t\t<\/div>\n\t\t<\/div>\n\t\t\t\t\t<\/div>\n\t\t<\/section>\n\t\t\t\t<\/div>\n\t\t","protected":false},"excerpt":{"rendered":"<p>notre adn V\u00e9los \u00c9vasion est une entreprise de location de v\u00e9los \u00e0 assistance \u00e9lectrique, vous proposant des fatbikes et des v\u00e9los de route. Notre \u00e9quipe est soucieuse de favoriser une exp\u00e9rience touristique authentique en vous faisant d\u00e9couvrir les \u00celes de la Madeleine de fa\u00e7on \u00e9co-responsable en limitant l\u2019empreinte \u00e9cologique et en optimisant les retomb\u00e9es de [&hellip;]<\/p>\n","protected":false},"author":1,"featured_media":0,"parent":0,"menu_order":0,"comment_status":"closed","ping_status":"closed","template":"","meta":{"footnotes":""},"class_list":["post-1358","page","type-page","status-publish","hentry"],"_links":{"self":[{"href":"https:\/\/velosevasion.com\/fr\/wp-json\/wp\/v2\/pages\/1358","targetHints":{"allow":["GET"]}}],"collection":[{"href":"https:\/\/velosevasion.com\/fr\/wp-json\/wp\/v2\/pages"}],"about":[{"href":"https:\/\/velosevasion.com\/fr\/wp-json\/wp\/v2\/types\/page"}],"author":[{"embeddable":true,"href":"https:\/\/velosevasion.com\/fr\/wp-json\/wp\/v2\/users\/1"}],"replies":[{"embeddable":true,"href":"https:\/\/velosevasion.com\/fr\/wp-json\/wp\/v2\/comments?post=1358"}],"version-history":[{"count":17,"href":"https:\/\/velosevasion.com\/fr\/wp-json\/wp\/v2\/pages\/1358\/revisions"}],"predecessor-version":[{"id":1683,"href":"https:\/\/velosevasion.com\/fr\/wp-json\/wp\/v2\/pages\/1358\/revisions\/1683"}],"wp:attachment":[{"href":"https:\/\/velosevasion.com\/fr\/wp-json\/wp\/v2\/media?parent=1358"}],"curies":[{"name":"wp","href":"https:\/\/api.w.org\/{rel}","templated":true}]}}