{"id":1378,"date":"2025-08-26T11:21:30","date_gmt":"2025-08-26T15:21:30","guid":{"rendered":"https:\/\/velosevasion2.trifali.com\/?page_id=1378"},"modified":"2025-09-04T20:11:54","modified_gmt":"2025-09-05T00:11:54","slug":"securite","status":"publish","type":"page","link":"https:\/\/velosevasion.com\/fr\/securite\/","title":{"rendered":"S\u00e9curit\u00e9"},"content":{"rendered":"\t\t<div data-elementor-type=\"wp-page\" data-elementor-id=\"1378\" class=\"elementor elementor-1378\">\n\t\t\t\t\t\t<section class=\"elementor-section elementor-top-section elementor-element elementor-element-77893ed elementor-section-boxed elementor-section-height-default elementor-section-height-default\" data-id=\"77893ed\" data-element_type=\"section\">\n\t\t\t\t\t\t<div class=\"elementor-container elementor-column-gap-default\">\n\t\t\t\t\t<div class=\"elementor-column elementor-col-100 elementor-top-column elementor-element elementor-element-d0f259d\" data-id=\"d0f259d\" data-element_type=\"column\">\n\t\t\t<div class=\"elementor-widget-wrap elementor-element-populated\">\n\t\t\t\t\t\t<div class=\"elementor-element elementor-element-e0092c4 elementor-widget elementor-widget-heading\" data-id=\"e0092c4\" data-element_type=\"widget\" data-widget_type=\"heading.default\">\n\t\t\t\t<div class=\"elementor-widget-container\">\n\t\t\t\t\t<h1 class=\"elementor-heading-title elementor-size-default\">S\u00e9curit\u00e9<\/h1>\t\t\t\t<\/div>\n\t\t\t\t<\/div>\n\t\t\t\t\t<\/div>\n\t\t<\/div>\n\t\t\t\t\t<\/div>\n\t\t<\/section>\n\t\t\t\t<section class=\"elementor-section elementor-top-section elementor-element elementor-element-3f6548f elementor-section-boxed elementor-section-height-default elementor-section-height-default\" data-id=\"3f6548f\" data-element_type=\"section\">\n\t\t\t\t\t\t<div class=\"elementor-container elementor-column-gap-default\">\n\t\t\t\t\t<div class=\"elementor-column elementor-col-100 elementor-top-column elementor-element elementor-element-8002b2b\" data-id=\"8002b2b\" data-element_type=\"column\">\n\t\t\t<div class=\"elementor-widget-wrap elementor-element-populated\">\n\t\t\t\t\t\t<div class=\"elementor-element elementor-element-a370979 elementor-view-default elementor-widget elementor-widget-icon\" data-id=\"a370979\" data-element_type=\"widget\" data-widget_type=\"icon.default\">\n\t\t\t\t<div class=\"elementor-widget-container\">\n\t\t\t\t\t\t\t<div class=\"elementor-icon-wrapper\">\n\t\t\t<div class=\"elementor-icon\">\n\t\t\t<i aria-hidden=\"true\" class=\"fas fa-shield-alt\"><\/i>\t\t\t<\/div>\n\t\t<\/div>\n\t\t\t\t\t\t<\/div>\n\t\t\t\t<\/div>\n\t\t\t\t<div class=\"elementor-element elementor-element-abd5e30 elementor-widget elementor-widget-text-editor\" data-id=\"abd5e30\" data-element_type=\"widget\" data-widget_type=\"text-editor.default\">\n\t\t\t\t<div class=\"elementor-widget-container\">\n\t\t\t\t\t\t\t\t\t<p>L\u2019agr\u00e9ment de l\u2019exp\u00e9rience et le plaisir de votre \u00e9vasion passe par une planification soign\u00e9e de vos activit\u00e9s et de bonnes mesures de s\u00e9curit\u00e9.\u00a0Notre \u00e9quipe n\u2019a pas m\u00e9nag\u00e9 les efforts, les investissements et la formation du personnel pour r\u00e9pondre efficacement \u00e0 vos attentes.<\/p><p>Tous nos v\u00e9los sont con\u00e7us selon la derni\u00e8re technologie et ont \u00e9t\u00e9 assembl\u00e9s avec soin r\u00e9pondant et excedant m\u00eame les normes s\u00e9v\u00e8res Nord-Am\u00e9ricaines de qualit\u00e9 et fiabilit\u00e9. Chaque v\u00e9lo vient \u00e9galement \u00e9quip\u00e9\u00a0de phares avant\/arri\u00e8re, de r\u00e9flecteurs, d&rsquo;un\u00a0miroir, et d&rsquo;une\u00a0clochette pour signaler votre pr\u00e9sence. De plus, sur chaque support \u00e0 bagages sont install\u00e9es des sacoches de rangement\u00a0amovibles pour y ranger vos effets personnels,\u00a0laissant ainsi vos mains libres pour tenir les guidons.<\/p><p>Nos casques de marque ABUS, vous procurent\u00a0confort et s\u00e9curit\u00e9. Chaque v\u00e9lo est soigneusement inspect\u00e9 par notre personnel avant et apr\u00e8s chaque location \u00a0pour des randonn\u00e9es\u00a0s\u00e9curitaires.<\/p><p>La qualit\u00e9 de nos installations, de nos \u00e9quipements et de notre service \u00e0 la client\u00e8le, a \u00e9t\u00e9 reconnue\u00a0par CAA-Qu\u00e9bec. D&rsquo;ailleur nous sommes la premi\u00e8re entreprise de location de v\u00e9los \u00e9lectriques \u00e0 \u00eatre reconnue au Canada par cette organisation.<\/p><p>Nous avons \u00e9galement\u00a0\u00e9labor\u00e9 et mis en place un programme de s\u00e9curit\u00e9 et pr\u00e9vention tant pour nos clients\u00a0que pour l\u2019entourage et l&rsquo;environnement. Nos 2 centres de location sont \u00e9quip\u00e9s d&rsquo;une trousse de premiers soins accr\u00e9dit\u00e9e par la CNESST, et nous remettons \u00e0 chaque groupe de cyclistes, une petite trousse\u00a0 de premiers soins \u00e9galement accr\u00e9dit\u00e9e par la CNESST. Finalement en cas de p\u00e9pins nous avons deux v\u00e9hicules d\u2019intervention localis\u00e9s \u00e0 Havre Aubert et l\u2019autre \u00e0 Havre aux Maisons.<\/p><p>Prenez le temps de bien ajuster\u00a0votre casque, votre miroir et respectez\u00a0les consignes que nos conseillers vous ont communiqu\u00e9es. Finalement respectez\u00a0toujours les r\u00e8glements du code de la s\u00e9curit\u00e9\u00a0routi\u00e8re du Qu\u00e9bec.<\/p><p>\u00abAux Iles on n&rsquo;a pas d\u2019heure, on a le temps&#8230;<em>\u00bb<\/em> &#8230;alors prenez vraiment le temps de v\u00e9rifier deux fois avant de vous engager dans une intersection ou pr\u00e8s d&rsquo;une zone prot\u00e9g\u00e9e.<\/p>\t\t\t\t\t\t\t\t<\/div>\n\t\t\t\t<\/div>\n\t\t\t\t\t<\/div>\n\t\t<\/div>\n\t\t\t\t\t<\/div>\n\t\t<\/section>\n\t\t\t\t<\/div>\n\t\t","protected":false},"excerpt":{"rendered":"<p>S\u00e9curit\u00e9 L\u2019agr\u00e9ment de l\u2019exp\u00e9rience et le plaisir de votre \u00e9vasion passe par une planification soign\u00e9e de vos activit\u00e9s et de bonnes mesures de s\u00e9curit\u00e9.\u00a0Notre \u00e9quipe n\u2019a pas m\u00e9nag\u00e9 les efforts, les investissements et la formation du personnel pour r\u00e9pondre efficacement \u00e0 vos attentes. Tous nos v\u00e9los sont con\u00e7us selon la derni\u00e8re technologie et ont \u00e9t\u00e9 [&hellip;]<\/p>\n","protected":false},"author":1,"featured_media":0,"parent":0,"menu_order":0,"comment_status":"closed","ping_status":"closed","template":"","meta":{"footnotes":""},"class_list":["post-1378","page","type-page","status-publish","hentry"],"_links":{"self":[{"href":"https:\/\/velosevasion.com\/fr\/wp-json\/wp\/v2\/pages\/1378","targetHints":{"allow":["GET"]}}],"collection":[{"href":"https:\/\/velosevasion.com\/fr\/wp-json\/wp\/v2\/pages"}],"about":[{"href":"https:\/\/velosevasion.com\/fr\/wp-json\/wp\/v2\/types\/page"}],"author":[{"embeddable":true,"href":"https:\/\/velosevasion.com\/fr\/wp-json\/wp\/v2\/users\/1"}],"replies":[{"embeddable":true,"href":"https:\/\/velosevasion.com\/fr\/wp-json\/wp\/v2\/comments?post=1378"}],"version-history":[{"count":16,"href":"https:\/\/velosevasion.com\/fr\/wp-json\/wp\/v2\/pages\/1378\/revisions"}],"predecessor-version":[{"id":1778,"href":"https:\/\/velosevasion.com\/fr\/wp-json\/wp\/v2\/pages\/1378\/revisions\/1778"}],"wp:attachment":[{"href":"https:\/\/velosevasion.com\/fr\/wp-json\/wp\/v2\/media?parent=1378"}],"curies":[{"name":"wp","href":"https:\/\/api.w.org\/{rel}","templated":true}]}}