{"id":1523,"date":"2025-09-02T12:35:08","date_gmt":"2025-09-02T16:35:08","guid":{"rendered":"https:\/\/velosevasion2.trifali.com\/?page_id=1523"},"modified":"2025-09-07T18:38:20","modified_gmt":"2025-09-07T22:38:20","slug":"termes-et-conditions","status":"publish","type":"page","link":"https:\/\/velosevasion.com\/fr\/termes-et-conditions\/","title":{"rendered":"Termes et Conditions"},"content":{"rendered":"\t\t<div data-elementor-type=\"wp-page\" data-elementor-id=\"1523\" class=\"elementor elementor-1523\">\n\t\t\t\t\t\t<section class=\"elementor-section elementor-top-section elementor-element elementor-element-608dd14 elementor-section-boxed elementor-section-height-default elementor-section-height-default\" data-id=\"608dd14\" data-element_type=\"section\" data-settings=\"{&quot;background_background&quot;:&quot;classic&quot;}\">\n\t\t\t\t\t\t<div class=\"elementor-container elementor-column-gap-default\">\n\t\t\t\t\t<div class=\"elementor-column elementor-col-100 elementor-top-column elementor-element elementor-element-36d93e3\" data-id=\"36d93e3\" data-element_type=\"column\">\n\t\t\t<div class=\"elementor-widget-wrap elementor-element-populated\">\n\t\t\t\t\t\t<div class=\"elementor-element elementor-element-4862f45 elementor-widget elementor-widget-heading\" data-id=\"4862f45\" data-element_type=\"widget\" data-widget_type=\"heading.default\">\n\t\t\t\t<div class=\"elementor-widget-container\">\n\t\t\t\t\t<h1 class=\"elementor-heading-title elementor-size-default\">Conditions g\u00e9n\u00e9rales<\/h1>\t\t\t\t<\/div>\n\t\t\t\t<\/div>\n\t\t\t\t<div class=\"elementor-element elementor-element-6321705 elementor-widget-divider--view-line elementor-widget elementor-widget-divider\" data-id=\"6321705\" data-element_type=\"widget\" data-widget_type=\"divider.default\">\n\t\t\t\t<div class=\"elementor-widget-container\">\n\t\t\t\t\t\t\t<div class=\"elementor-divider\">\n\t\t\t<span class=\"elementor-divider-separator\">\n\t\t\t\t\t\t<\/span>\n\t\t<\/div>\n\t\t\t\t\t\t<\/div>\n\t\t\t\t<\/div>\n\t\t\t\t\t<\/div>\n\t\t<\/div>\n\t\t\t\t\t<\/div>\n\t\t<\/section>\n\t\t\t\t<section class=\"elementor-section elementor-top-section elementor-element elementor-element-564d827 elementor-section-boxed elementor-section-height-default elementor-section-height-default\" data-id=\"564d827\" data-element_type=\"section\" data-settings=\"{&quot;background_background&quot;:&quot;classic&quot;}\">\n\t\t\t\t\t\t<div class=\"elementor-container elementor-column-gap-default\">\n\t\t\t\t\t<div class=\"elementor-column elementor-col-100 elementor-top-column elementor-element elementor-element-1930536\" data-id=\"1930536\" data-element_type=\"column\">\n\t\t\t<div class=\"elementor-widget-wrap elementor-element-populated\">\n\t\t\t\t\t\t<div class=\"elementor-element elementor-element-02d5be5 elementor-widget elementor-widget-heading\" data-id=\"02d5be5\" data-element_type=\"widget\" data-widget_type=\"heading.default\">\n\t\t\t\t<div class=\"elementor-widget-container\">\n\t\t\t\t\t<h2 class=\"elementor-heading-title elementor-size-default\">Lire attentivement svp<\/h2>\t\t\t\t<\/div>\n\t\t\t\t<\/div>\n\t\t\t\t<div class=\"elementor-element elementor-element-65141f0 elementor-widget elementor-widget-text-editor\" data-id=\"65141f0\" data-element_type=\"widget\" data-widget_type=\"text-editor.default\">\n\t\t\t\t<div class=\"elementor-widget-container\">\n\t\t\t\t\t\t\t\t\t<ul><li>La pratique du v\u00e9lo \u00e9lectrique (\u00ab\u00a0l\u2019activit\u00e9\u00a0\u00bb), passe d&rsquo;abord par la prudence et le respect du\u202fCode de la s\u00e9curit\u00e9 routi\u00e8re.<\/li><li>Il est fortement recommand\u00e9 de ne consommer ni alcool, ni drogues lorsque vous conduisez un v\u00e9lo \u00e9lectrique.<\/li><li>Le port d\u2019un casque de v\u00e9lo bien ajust\u00e9 est obligatoire.<\/li><li>Maximum 220 lbs\/100 Kg par v\u00e9lo. La personne qui loue le v\u00e9lo (\u00ab\u00a0l\u2019utilisateur\u00a0\u00bb) d\u00e9clare \u00eatre apte \u00e0 la pratique du v\u00e9lo et n\u2019avoir connaissance d\u2019aucune contre-indication m\u00e9dicale.<\/li><li>Pr\u00e9voir v\u00eatements et effets personnels en fonction des conditions m\u00e9t\u00e9orologiques.<\/li><\/ul>\t\t\t\t\t\t\t\t<\/div>\n\t\t\t\t<\/div>\n\t\t\t\t\t<\/div>\n\t\t<\/div>\n\t\t\t\t\t<\/div>\n\t\t<\/section>\n\t\t\t\t<section class=\"elementor-section elementor-top-section elementor-element elementor-element-45f8566 elementor-section-boxed elementor-section-height-default elementor-section-height-default\" data-id=\"45f8566\" data-element_type=\"section\" data-settings=\"{&quot;background_background&quot;:&quot;classic&quot;}\">\n\t\t\t\t\t\t<div class=\"elementor-container elementor-column-gap-default\">\n\t\t\t\t\t<div class=\"elementor-column elementor-col-100 elementor-top-column elementor-element elementor-element-6e08e68\" data-id=\"6e08e68\" data-element_type=\"column\">\n\t\t\t<div class=\"elementor-widget-wrap elementor-element-populated\">\n\t\t\t\t\t\t<div class=\"elementor-element elementor-element-64a22e9 elementor-widget elementor-widget-heading\" data-id=\"64a22e9\" data-element_type=\"widget\" data-widget_type=\"heading.default\">\n\t\t\t\t<div class=\"elementor-widget-container\">\n\t\t\t\t\t<h2 class=\"elementor-heading-title elementor-size-default\">Politiques de  r\u00e9servation :<\/h2>\t\t\t\t<\/div>\n\t\t\t\t<\/div>\n\t\t\t\t<div class=\"elementor-element elementor-element-00ffc21 elementor-widget elementor-widget-text-editor\" data-id=\"00ffc21\" data-element_type=\"widget\" data-widget_type=\"text-editor.default\">\n\t\t\t\t<div class=\"elementor-widget-container\">\n\t\t\t\t\t\t\t\t\t<p>Un d\u00e9p\u00f4t de 50$ par v\u00e9lo par jour sera pr\u00e9lev\u00e9 (carte de cr\u00e9dit) au moment de la r\u00e9servation. Le solde sera trait\u00e9 automatiquement la journ\u00e9e de la location.<\/p><p>Pour r\u00e9server un v\u00e9lo \u00e9lectrique\u202f: il faut \u00eatre \u00e2g\u00e9 de 18 ans et plus.<\/p><p>Pour conduire un v\u00e9lo \u00e9lectrique\u202f:<\/p><ul><li>Si vous avez entre 14 et 17 ans\u202f:<ul><li>Il est obligatoire de d\u00e9tenir au minimum un permis de la\u202fclasse\u202f6D autorisant la conduite d\u2019un cyclomoteur<\/li><li>Une autorisation \u2018\u2019Formulaire de d\u00e9charge de responsabilit\u00e9\u2019\u2019 (voir plus bas) sign\u00e9e par un adulte responsable<\/li><\/ul><\/li><li>Si vous avez 18 ans ou plus\u202f: Aucun permis n\u2019est n\u00e9cessaire.<\/li><\/ul><p>Un formulaire de d\u00e9charge de responsabilit\u00e9 sign\u00e9 est requis dans tous les cas.<\/p>\t\t\t\t\t\t\t\t<\/div>\n\t\t\t\t<\/div>\n\t\t\t\t\t<\/div>\n\t\t<\/div>\n\t\t\t\t\t<\/div>\n\t\t<\/section>\n\t\t\t\t<section class=\"elementor-section elementor-top-section elementor-element elementor-element-25238c2 elementor-section-boxed elementor-section-height-default elementor-section-height-default\" data-id=\"25238c2\" data-element_type=\"section\" data-settings=\"{&quot;background_background&quot;:&quot;classic&quot;}\">\n\t\t\t\t\t\t<div class=\"elementor-container elementor-column-gap-default\">\n\t\t\t\t\t<div class=\"elementor-column elementor-col-100 elementor-top-column elementor-element elementor-element-af7862e\" data-id=\"af7862e\" data-element_type=\"column\">\n\t\t\t<div class=\"elementor-widget-wrap elementor-element-populated\">\n\t\t\t\t\t\t<div class=\"elementor-element elementor-element-9e7c142 elementor-widget elementor-widget-heading\" data-id=\"9e7c142\" data-element_type=\"widget\" data-widget_type=\"heading.default\">\n\t\t\t\t<div class=\"elementor-widget-container\">\n\t\t\t\t\t<h2 class=\"elementor-heading-title elementor-size-default\">Politique de  responsabilit\u00e9 :<\/h2>\t\t\t\t<\/div>\n\t\t\t\t<\/div>\n\t\t\t\t<div class=\"elementor-element elementor-element-b5da850 elementor-widget elementor-widget-text-editor\" data-id=\"b5da850\" data-element_type=\"widget\" data-widget_type=\"text-editor.default\">\n\t\t\t\t<div class=\"elementor-widget-container\">\n\t\t\t\t\t\t\t\t\t<p>Votre num\u00e9ro de carte de cr\u00e9dit vous sera demand\u00e9e et sera conserv\u00e9e advenant les frais suppl\u00e9mentaires suivants\u202f: Vol du v\u00e9lo ou de pi\u00e8ce d\u2019\u00e9quipement, bris du v\u00e9lo ou d\u2019\u00e9quipement, d\u00fb \u00e0 une mauvaise utilisation non conforme aux consignes, frais de retard ou autres frais lors de la location. LISTE DES CO\u00dbTS\u202fDE REMPLACEMENT: Miroir: 10$ ch., Clochette\u202f: 5$, Sacoche de rangement\u202f:25$, Cadenas\u202f:10$, Casque de v\u00e9lo Adulte\u202f: 50$, Casque de v\u00e9lo Enfant\u202f: 25$, Support \u00e0 bagage\u202f: 25$, V\u00e9lo Fatbike\u202f: 2000$, V\u00e9lo Hybride\u202f: 2000$, Cl\u00e9 (pile de v\u00e9lo ou de cadenas)\u202f: 10$, Chariot de transport pour enfant\u202f: 275$, couverture pour pique-nique\u202f: 20$<\/p><p>Frais de retards\u202f: 5$ par tranche de 15 minutes, ou 25$\/heure.<\/p><p>Vous devez communiquer avec un employ\u00e9 de V\u00e9los \u00c9vasion si un bris ou mauvais fonctionnement survient durant votre randonn\u00e9e\u202f: 1-833-666-8356\u00a0<\/p><p>Un vol ou un accident doit \u00eatre imm\u00e9diatement signal\u00e9 \u00e0 la police. Pour le remplacement du v\u00e9lo (en cas de vol) ou toute r\u00e9paration n\u00e9cessaire sur le v\u00e9lo ou l\u2019\u00e9quipement, l\u2019utilisateur aura \u00e0 s\u2019acquitter de la facture correspondant aux frais encourus.<\/p>\t\t\t\t\t\t\t\t<\/div>\n\t\t\t\t<\/div>\n\t\t\t\t\t<\/div>\n\t\t<\/div>\n\t\t\t\t\t<\/div>\n\t\t<\/section>\n\t\t\t\t<section class=\"elementor-section elementor-top-section elementor-element elementor-element-a0005f7 elementor-section-boxed elementor-section-height-default elementor-section-height-default\" data-id=\"a0005f7\" data-element_type=\"section\" data-settings=\"{&quot;background_background&quot;:&quot;classic&quot;}\">\n\t\t\t\t\t\t<div class=\"elementor-container elementor-column-gap-default\">\n\t\t\t\t\t<div class=\"elementor-column elementor-col-100 elementor-top-column elementor-element elementor-element-a1585d5\" data-id=\"a1585d5\" data-element_type=\"column\">\n\t\t\t<div class=\"elementor-widget-wrap elementor-element-populated\">\n\t\t\t\t\t\t<div class=\"elementor-element elementor-element-7149b0e elementor-widget elementor-widget-heading\" data-id=\"7149b0e\" data-element_type=\"widget\" data-widget_type=\"heading.default\">\n\t\t\t\t<div class=\"elementor-widget-container\">\n\t\t\t\t\t<h2 class=\"elementor-heading-title elementor-size-default\">Politique d'annulation :<\/h2>\t\t\t\t<\/div>\n\t\t\t\t<\/div>\n\t\t\t\t<div class=\"elementor-element elementor-element-68e2997 elementor-widget elementor-widget-text-editor\" data-id=\"68e2997\" data-element_type=\"widget\" data-widget_type=\"text-editor.default\">\n\t\t\t\t<div class=\"elementor-widget-container\">\n\t\t\t\t\t\t\t\t\tPour toute annulation ou modification de votre r\u00e9servation, vous devez nous aviser au moins 24h \u00e0 l\u2019avance sinon votre d\u00e9p\u00f4t ne vous sera pas rembours\u00e9. Si l\u2019activit\u00e9 devait \u00eatre annul\u00e9e pour des raisons de conditions m\u00e9t\u00e9o d\u00e9favorables, vous pouvez d\u00e9placer votre r\u00e9servation ou V\u00e9los \u00c9vasion vous remboursera votre d\u00e9p\u00f4t. Pour toute informations suppl\u00e9mentaires, veuillez communiquer avec nous au\u00a0<a href=\"tel:1-833-666-8356\" class=\"primary-link\">1-833-666-8356<\/a>\u00a0ou \u00e0\u00a0<a href=\"mailto:info@velosevasion.com\" class=\"primary-link\">info@velosevasion.com<\/a>\t\t\t\t\t\t\t\t<\/div>\n\t\t\t\t<\/div>\n\t\t\t\t\t<\/div>\n\t\t<\/div>\n\t\t\t\t\t<\/div>\n\t\t<\/section>\n\t\t\t\t<section class=\"elementor-section elementor-top-section elementor-element elementor-element-7cfa2a4 elementor-section-boxed elementor-section-height-default elementor-section-height-default\" data-id=\"7cfa2a4\" data-element_type=\"section\" data-settings=\"{&quot;background_background&quot;:&quot;classic&quot;}\">\n\t\t\t\t\t\t<div class=\"elementor-container elementor-column-gap-default\">\n\t\t\t\t\t<div class=\"elementor-column elementor-col-100 elementor-top-column elementor-element elementor-element-145c432\" data-id=\"145c432\" data-element_type=\"column\">\n\t\t\t<div class=\"elementor-widget-wrap elementor-element-populated\">\n\t\t\t\t\t\t<div class=\"elementor-element elementor-element-177478f elementor-widget elementor-widget-heading\" data-id=\"177478f\" data-element_type=\"widget\" data-widget_type=\"heading.default\">\n\t\t\t\t<div class=\"elementor-widget-container\">\n\t\t\t\t\t<h2 class=\"elementor-heading-title elementor-size-default\">Formulaire de d\u00e9charge de responsabilit\u00e9<\/h2>\t\t\t\t<\/div>\n\t\t\t\t<\/div>\n\t\t\t\t<div class=\"elementor-element elementor-element-19b4d83 elementor-widget elementor-widget-text-editor\" data-id=\"19b4d83\" data-element_type=\"widget\" data-widget_type=\"text-editor.default\">\n\t\t\t\t<div class=\"elementor-widget-container\">\n\t\t\t\t\t\t\t\t\t<p>Par la pr\u00e9sente, je reconnais \u00eatre couvert par une assurance en responsabilit\u00e9 civile et je lib\u00e8re V\u00e9los \u00c9vasion et tous ses dirigeants, employ\u00e9s, b\u00e9n\u00e9voles ou organisateurs de location de v\u00e9los \u00e9lectriques (\u00ab\u00a0l\u2019activit\u00e9\u00a0\u00bb), de toutes responsabilit\u00e9s et\/ou r\u00e9clamations \u00e0 la suite d\u2019un accident, de blessures, vol d\u2019objets personnels qui pourraient m\u2019arriver ou arriver aux personnes sous ma responsabilit\u00e9, d\u00e9coulant de la participation \u00e0 l\u2019activit\u00e9.<\/p><p>Je m\u2019engage \u00e0 ne poursuivre juridiquement aucune des personnes ou entit\u00e9s mentionn\u00e9es plus haut.<\/p><p>Je m\u2019engage \u00e0 utiliser les consignes d\u2019usage et de s\u00e9curit\u00e9 qui me sont transmises par le personnel de V\u00e9los \u00c9vasion et \u00e0 utiliser le v\u00e9lo dans des conditions normales. J\u2019assumerai les co\u00fbts de remplacement ou de r\u00e9paration de l\u2019\u00e9quipement lou\u00e9 si jamais je le perdais, s\u2019il \u00e9tait vol\u00e9 ou endommag\u00e9 durant l\u2019activit\u00e9. Au retour des \u00e9quipements, une \u00e9valuation sommaire est effectu\u00e9e afin d\u2019en v\u00e9rifier l\u2019\u00e9tat.<\/p><p>Je comprends qu\u2019en participant \u00e0 cette activit\u00e9, je peux \u00eatre photographi\u00e9(e). J\u2019accepte que toutes photos ou vid\u00e9os de moi ou de toute personne sous ma responsabilit\u00e9, soient utilis\u00e9es \u00e0 des fins l\u00e9gitimes par les organisateurs.<\/p><p>Par la pr\u00e9sente j\u2019autorise la (les) personne(s) sous ma responsabilit\u00e9 (entre 14 et 17 ans) \u00e0 participer seule(s) ou en groupe \u00e0 l\u2019activit\u00e9 \u00ab\u00a0location de v\u00e9los \u00e9lectriques\u00a0\u00bb et affirme qu\u2019il\/elle r\u00e9pond aux crit\u00e8res requis pour y participer.<\/p><p>Par la pr\u00e9sente, j&rsquo;accepte de recevoir des communications de V\u00e9los \u00c9vasion.<\/p>\t\t\t\t\t\t\t\t<\/div>\n\t\t\t\t<\/div>\n\t\t\t\t\t<\/div>\n\t\t<\/div>\n\t\t\t\t\t<\/div>\n\t\t<\/section>\n\t\t\t\t<\/div>\n\t\t","protected":false},"excerpt":{"rendered":"<p>Conditions g\u00e9n\u00e9rales Lire attentivement svp La pratique du v\u00e9lo \u00e9lectrique (\u00ab\u00a0l\u2019activit\u00e9\u00a0\u00bb), passe d&rsquo;abord par la prudence et le respect du\u202fCode de la s\u00e9curit\u00e9 routi\u00e8re. Il est fortement recommand\u00e9 de ne consommer ni alcool, ni drogues lorsque vous conduisez un v\u00e9lo \u00e9lectrique. Le port d\u2019un casque de v\u00e9lo bien ajust\u00e9 est obligatoire. Maximum 220 lbs\/100 Kg [&hellip;]<\/p>\n","protected":false},"author":1,"featured_media":0,"parent":0,"menu_order":0,"comment_status":"closed","ping_status":"closed","template":"","meta":{"footnotes":""},"class_list":["post-1523","page","type-page","status-publish","hentry"],"_links":{"self":[{"href":"https:\/\/velosevasion.com\/fr\/wp-json\/wp\/v2\/pages\/1523","targetHints":{"allow":["GET"]}}],"collection":[{"href":"https:\/\/velosevasion.com\/fr\/wp-json\/wp\/v2\/pages"}],"about":[{"href":"https:\/\/velosevasion.com\/fr\/wp-json\/wp\/v2\/types\/page"}],"author":[{"embeddable":true,"href":"https:\/\/velosevasion.com\/fr\/wp-json\/wp\/v2\/users\/1"}],"replies":[{"embeddable":true,"href":"https:\/\/velosevasion.com\/fr\/wp-json\/wp\/v2\/comments?post=1523"}],"version-history":[{"count":22,"href":"https:\/\/velosevasion.com\/fr\/wp-json\/wp\/v2\/pages\/1523\/revisions"}],"predecessor-version":[{"id":1906,"href":"https:\/\/velosevasion.com\/fr\/wp-json\/wp\/v2\/pages\/1523\/revisions\/1906"}],"wp:attachment":[{"href":"https:\/\/velosevasion.com\/fr\/wp-json\/wp\/v2\/media?parent=1523"}],"curies":[{"name":"wp","href":"https:\/\/api.w.org\/{rel}","templated":true}]}}